{"id":16499,"date":"2022-07-22T09:23:22","date_gmt":"2022-07-22T09:23:22","guid":{"rendered":"https:\/\/iblazer.net\/?page_id=16499"},"modified":"2022-07-22T09:23:22","modified_gmt":"2022-07-22T09:23:22","slug":"mesafeli-satis-sozlesmesi","status":"publish","type":"page","link":"https:\/\/iblazer.com\/en\/mesafeli-satis-sozlesmesi\/","title":{"rendered":"Mesafeli Sat\u0131\u015f S\u00f6zle\u015fmesi"},"content":{"rendered":"<p><strong>MADDE 1:<\/strong>&nbsp;S\u00d6ZLE\u015eMEN\u0130N TARAFLARI<\/p><p>SATICI: CARTHAGE GENERAL TRADING DIS TICARET LIMITED SIRKETI<\/p><p>ADRES: \u0130n\u00f6n\u00fc, I\u00c7 KAPI, Cumhuriyet Cd. NO: 115 D:NO: 1, 34373 \u015ei\u015fli\/\u0130stanbul<\/p><p>VERG\u0130 DA\u0130RES\u0130 VE SAYISI: Beyo\u011flu VERG\u0130 DA\u0130RES\u0130 2030601996<\/p><p>TELEFON: +90 (536) 4331 56<\/p><p>Web sitesi: iblazer.net<\/p><p>ALICI<\/p><p>Varsa Ad\u0131 \/ Soyad\u0131, Unvan\u0131:<\/p><p>Adres:<\/p><p>Telefon:<\/p><p>E-posta:<\/p><p><strong>MADDE 2:<\/strong>&nbsp;S\u00d6ZLE\u015eMEN\u0130N KONUSU: Bu s\u00f6zle\u015fmenin konusu, taraflar\u0131n hak ve y\u00fck\u00fcml\u00fcl\u00fcklerinin 4077 say\u0131l\u0131 T\u00fcketicilerin Korunmas\u0131 Hakk\u0131nda Kanun h\u00fck\u00fcmlerine ve Uzak Anla\u015fmalara \u0130li\u015fkin Usul ve Esaslar\u0131n Uygulanmas\u0131na \u0130li\u015fkin Y\u00f6netmelik h\u00fck\u00fcmlerine g\u00f6re belirlenmesidir. al\u0131c\u0131n\u0131n elektronik ortamda sipari\u015f etti\u011fi mallar\u0131n \/ hizmetlerin sat\u0131c\u0131n\u0131n cezmati.com nitelikleri ve sat\u0131\u015f fiyat\u0131 s\u00f6zle\u015fmede belirtilen web sitesinden sat\u0131\u015f\u0131 ve teslimat\u0131 ile ilgili olarak. Al\u0131c\u0131, sat\u0131\u015fa konu mallar\u0131n \/ hizmetlerin temel nitelikleri, sat\u0131\u015f fiyat\u0131, \u00f6deme y\u00f6ntemi, teslimat ko\u015fullar\u0131 vb. \u0130le birlikte sat\u0131\u015fa konu mallar \/ hizmetler ve bunlar\u0131n hakk\u0131na ili\u015fkin t\u00fcm \u00f6n bilgiler hakk\u0131nda al\u0131c\u0131n\u0131n bilgilendirildi\u011fini kabul eder. ve al\u0131c\u0131 bu \u00f6n bilgileri elektronik ortamda onaylam\u0131\u015ft\u0131r ve daha sonra al\u0131c\u0131 mallar\u0131 \/ hizmetleri sipari\u015f etmi\u015ftir. Cezmati.com web sitesinin \u00f6deme sayfas\u0131ndaki \u00f6n bilgiler ve fatura, bu s\u00f6zle\u015fmenin ayr\u0131lmaz bir par\u00e7as\u0131d\u0131r.<\/p><p><strong>MADDE 3:<\/strong>&nbsp;S\u00d6ZLE\u015eMEN\u0130N TAR\u0130H\u0130: Sat\u0131c\u0131 taraf\u0131ndan \u00f6nceden imzalanm\u0131\u015f olan bu iki s\u00f6zle\u015fme n\u00fcshas\u0131 al\u0131c\u0131 taraf\u0131ndan \u2026\u2026\u2026\u2026 tarihinde imzalanm\u0131\u015ft\u0131r. ve bir n\u00fcshas\u0131 al\u0131c\u0131n\u0131n adresine postaland\u0131.<\/p><p><strong>MADDE 4:<\/strong>&nbsp;MAL \/ H\u0130ZMET TESL\u0130MATI, S\u00d6ZLE\u015eMEN\u0130N Y\u00dcR\u00dcTME YER\u0130 VE TESL\u0130M \u015eEKL\u0130: Mal \/ hizmet, al\u0131c\u0131 taraf\u0131ndan talep edilen \u2026\u2026\u2026\u2026 adresine teslim edilecektir.<\/p><p><strong>MADDE 5:<\/strong>&nbsp;TESL\u0130MAT MAL\u0130YETLER\u0130 VE TESL\u0130MAT Y\u00dcR\u00dcRL\u00dc\u011e\u00dc: Teslimat masraflar\u0131 al\u0131c\u0131ya aittir. Sat\u0131c\u0131, web sitesinde sat\u0131c\u0131n\u0131n belirli bir miktar \u00fczerinden al\u0131\u015fveri\u015f i\u00e7in g\u00f6nderim bedelini \u00f6demeye istekli oldu\u011funu beyan ederse, g\u00f6nderim bedeli sat\u0131c\u0131 taraf\u0131ndan kar\u015f\u0131lanacakt\u0131r. Stok mevcutsa ve mallar\u0131n maliyeti sat\u0131c\u0131n\u0131n hesab\u0131na aktar\u0131ld\u0131ktan sonra en k\u0131sa s\u00fcrede teslimat yap\u0131lacakt\u0131r. Sat\u0131c\u0131 mallar\u0131 \/ hizmeti sipari\u015f tarihinden itibaren 30 (otuz) g\u00fcn i\u00e7inde teslim eder ve bu s\u00fcre i\u00e7inde yaz\u0131l\u0131 bildirimde bulunarak 10 (on) g\u00fcn daha uzatma hakk\u0131n\u0131 sakl\u0131 tutar. Herhangi bir nedenle mallar\u0131n \/ hizmetlerin banka kay\u0131tlar\u0131nda \u00f6denmemesi veya iptal edilmemesi halinde, sat\u0131c\u0131n\u0131n mallar\u0131 \/ hizmetleri teslim etme y\u00fck\u00fcml\u00fcl\u00fc\u011f\u00fc bulunmad\u0131\u011f\u0131 kabul edilir.<\/p><p><strong>MADDE 6:<\/strong>&nbsp;ALICININ BEYANI VE TAAHH\u00dcT\u00dc: Al\u0131c\u0131, teslimat\u0131 almadan \u00f6nce s\u00f6zle\u015fmeye tabi mal ve hizmetleri kontrol edecek ve y\u0131rt\u0131lm\u0131\u015f ambalajl\u0131 ve k\u0131r\u0131lm\u0131\u015f, k\u0131r\u0131lm\u0131\u015f, hasar g\u00f6rm\u00fc\u015f ve ar\u0131zal\u0131 olan kargo \u015firketinden mal \/ hizmet almayacakt\u0131r. . Teslim edilen mallar \/ hizmetler, teslim edilen mallar\u0131n \/ hizmetlerin hasars\u0131z ve sa\u011flam oldu\u011fu anlam\u0131na gelir. Teslimattan sonra mal \/ hizmet dikkatle korunmal\u0131d\u0131r. Banka veya finans kurumu kredinin yetkisiz veya yasa d\u0131\u015f\u0131 kullan\u0131m\u0131 nedeniyle sat\u0131c\u0131ya mal \/ hizmet \u00fccretini \u00f6deyemezse, al\u0131c\u0131 mallar\u0131 \/ hizmeti ve faturay\u0131 sat\u0131c\u0131ya \u00fc\u00e7 (3) g\u00fcn i\u00e7inde geri g\u00f6ndermelidir. Al\u0131c\u0131n\u0131n kredi kart\u0131n\u0131n hatas\u0131ndan kaynaklanmayan nedenlerden dolay\u0131 yetkisiz ki\u015filer taraf\u0131ndan kart. Mallar\u0131n \/ hizmetin teslim edilmesinden sonra, al\u0131c\u0131 mallar\u0131n \/ hizmetin yeniden sat\u0131\u015f\u0131n\u0131 \u00f6nleyecek bir hataya neden olduysa, al\u0131c\u0131 mallar\u0131 \/ hizmeti telafi etmekle y\u00fck\u00fcml\u00fcd\u00fcr. Her durumda, nakliye masraflar\u0131 ALICI\u2019ya aittir.<\/p><p><strong>MADDE 7:<\/strong>&nbsp;SATICININ BEYANI VE TAAHH\u00dcTLER\u0130: Sat\u0131c\u0131, s\u00f6zle\u015fme mallar\u0131n\u0131 \/ hizmetlerini, sipari\u015fte belirtilen niteliklere ve sa\u011flanm\u0131\u015fsa garanti belgelerine ve kullan\u0131c\u0131 k\u0131lavuzlar\u0131na uygun olarak eksiksiz, eksiksiz bir \u015fekilde teslim etmekten sorumludur. S\u00f6zle\u015fme konusu mal \/ hizmet, Al\u0131c\u0131 d\u0131\u015f\u0131ndaki ki\u015fiye \/ kuruma teslim edilecekse, ki\u015fi \/ kurulu\u015f teslimat\u0131 kabul etmiyorsa Tedarik\u00e7i mal \/ hizmet sunumundan sorumlu olmayacakt\u0131r. Sat\u0131c\u0131, mal \/ hizmet \u00fccretini, geri \u00e7ekme beyan\u0131n\u0131 ald\u0131ktan sonra 10 (on) g\u00fcn i\u00e7inde ve varsa pazarl\u0131k edilebilir belgeleri iade edecektir. Mal \/ hizmet 20 (yirmi) g\u00fcn i\u00e7inde iade edilecektir. Hakl\u0131 nedenlerle, sat\u0131c\u0131, s\u00f6zle\u015fmeyi sona ermeden al\u0131c\u0131ya ayn\u0131 kalite ve fiyata mal \/ hizmet sa\u011flayabilir. Sat\u0131c\u0131, mallar\u0131n \/ hizmetlerin uygulanamaz hale geldi\u011fine inan\u0131rsa, sat\u0131c\u0131 s\u00f6zle\u015fmeyi yerine getirme s\u00fcresi dolmadan al\u0131c\u0131ya bildirir. \u00d6denen fiyat ve varsa belgeler 10 (on) g\u00fcn i\u00e7inde iade edilir. Garanti belgesi ile sat\u0131lan veya garanti belgesi olmadan sat\u0131lan mal \/ hizmetlerden kaynaklanan kusurlu veya hasarl\u0131 mal \/ hizmet, garanti \u015fartlar\u0131 dahilinde gerekli onar\u0131mlar i\u00e7in sat\u0131c\u0131ya g\u00f6nderilebilir ve bu durumda teslimat masraflar\u0131 sat\u0131c\u0131 taraf\u0131ndan kar\u015f\u0131lanacakt\u0131r.<\/p><p><strong>MADDE 8:<\/strong>&nbsp;MALLARIN \/ H\u0130ZMETLER\u0130N NAK\u0130T F\u0130YATI: Mallar\u0131n \/ hizmetin nakit fiyat\u0131, sipari\u015fin ard\u0131ndan m\u00fc\u015fteriye g\u00f6nderilen \u00fcr\u00fcnle birlikte g\u00f6nderilen faturaya dahildir.<\/p><p><strong>MADDE 9:<\/strong>&nbsp;\u0130ADE HAKKI KULLANILAMAYAN MAL \/ H\u0130ZMETLER: Kalite a\u00e7\u0131s\u0131ndan iade edilemeyen \u00fcr\u00fcnler \/ hizmetler, h\u0131zla hasar g\u00f6ren ve s\u00fcresi dolan mallar \/ hizmetler, tek kullan\u0131ml\u0131k \u00fcr\u00fcnler \/ hizmetlerdir. Ayr\u0131ca, cayma hakk\u0131n\u0131 di\u011fer \u00fcr\u00fcnler i\u00e7in kullanabilmek i\u00e7in a\u00e7\u0131lmamal\u0131 ve hasar g\u00f6rmemeli ve kullan\u0131lmamal\u0131d\u0131r.<\/p><p><strong>MADDE 10:<\/strong>&nbsp;YETK\u0130L\u0130 MAHKEME: T\u00fcketici Hakem Heyetleri, Sanayi ve Ticaret Bakanl\u0131\u011f\u0131 taraf\u0131ndan beyan edilen de\u011fere kadar olan uyu\u015fmazl\u0131klarda, T\u00fcketici Mahkemeleri ise bu s\u00f6zle\u015fmeden kaynaklanabilecek bu de\u011fere ili\u015fkin uyu\u015fmazl\u0131klarda yetkilidir. T\u00fcketici Mahkemeleri bulunmayan yerlerde Asliye Hukuk Mahkemeleri yetkilidir.<\/p><p>SATICI:<\/p><p>ALICI:<\/p><p>Ad\u0131 ve soyad\u0131: \u2026\u2026<\/p><p>Tarih: \u2026\u2026<\/p>","protected":false},"excerpt":{"rendered":"<p>MADDE 1:&nbsp;S\u00d6ZLE\u015eMEN\u0130N TARAFLARI SATICI: CARTHAGE GENERAL TRADING DIS TICARET LIMITED SIRKETI ADRES: \u0130n\u00f6n\u00fc, I\u00c7 KAPI, Cumhuriyet Cd. NO: 115 D:NO: 1, 34373 \u015ei\u015fli\/\u0130stanbul VERG\u0130 DA\u0130RES\u0130 VE SAYISI: Beyo\u011flu VERG\u0130 DA\u0130RES\u0130 2030601996 TELEFON: +90 (536) 4331 56 Web sitesi: iblazer.net ALICI Varsa Ad\u0131 \/ Soyad\u0131, Unvan\u0131: Adres: Telefon: E-posta: MADDE 2:&nbsp;S\u00d6ZLE\u015eMEN\u0130N KONUSU: Bu s\u00f6zle\u015fmenin konusu, taraflar\u0131n [&hellip;]<\/p>\n","protected":false},"author":1,"featured_media":0,"parent":0,"menu_order":0,"comment_status":"closed","ping_status":"closed","template":"","meta":{"_acf_changed":false,"_joinchat":[],"footnotes":""},"class_list":["post-16499","page","type-page","status-publish","hentry"],"acf":[],"yoast_head":"<!-- This site is optimized with the Yoast SEO plugin v24.2 - https:\/\/yoast.com\/wordpress\/plugins\/seo\/ -->\n<title>Mesafeli Sat\u0131\u015f S\u00f6zle\u015fmesi - I&#039;Blazer Fashion Boutique<\/title>\n<meta name=\"robots\" content=\"index, follow, max-snippet:-1, max-image-preview:large, max-video-preview:-1\" \/>\n<link rel=\"canonical\" href=\"https:\/\/iblazer.com\/en\/mesafeli-satis-sozlesmesi\/\" \/>\n<meta property=\"og:locale\" content=\"en_US\" \/>\n<meta property=\"og:type\" content=\"article\" \/>\n<meta property=\"og:title\" content=\"Mesafeli Sat\u0131\u015f S\u00f6zle\u015fmesi - I&#039;Blazer Fashion Boutique\" \/>\n<meta property=\"og:description\" content=\"MADDE 1:&nbsp;S\u00d6ZLE\u015eMEN\u0130N TARAFLARI SATICI: CARTHAGE GENERAL TRADING DIS TICARET LIMITED SIRKETI ADRES: \u0130n\u00f6n\u00fc, I\u00c7 KAPI, Cumhuriyet Cd. NO: 115 D:NO: 1, 34373 \u015ei\u015fli\/\u0130stanbul VERG\u0130 DA\u0130RES\u0130 VE SAYISI: Beyo\u011flu VERG\u0130 DA\u0130RES\u0130 2030601996 TELEFON: +90 (536) 4331 56 Web sitesi: iblazer.net ALICI Varsa Ad\u0131 \/ Soyad\u0131, Unvan\u0131: Adres: Telefon: E-posta: MADDE 2:&nbsp;S\u00d6ZLE\u015eMEN\u0130N KONUSU: Bu s\u00f6zle\u015fmenin konusu, taraflar\u0131n [&hellip;]\" \/>\n<meta property=\"og:url\" content=\"https:\/\/iblazer.com\/en\/mesafeli-satis-sozlesmesi\/\" \/>\n<meta property=\"og:site_name\" content=\"I&#039;Blazer Fashion Boutique\" \/>\n<meta name=\"twitter:card\" content=\"summary_large_image\" \/>\n<meta name=\"twitter:label1\" content=\"Est. reading time\" \/>\n\t<meta name=\"twitter:data1\" content=\"5 minutes\" \/>\n<script type=\"application\/ld+json\" class=\"yoast-schema-graph\">{\"@context\":\"https:\/\/schema.org\",\"@graph\":[{\"@type\":\"WebPage\",\"@id\":\"https:\/\/iblazer.com\/en\/mesafeli-satis-sozlesmesi\/\",\"url\":\"https:\/\/iblazer.com\/en\/mesafeli-satis-sozlesmesi\/\",\"name\":\"Mesafeli Sat\u0131\u015f S\u00f6zle\u015fmesi - I&#039;Blazer Fashion Boutique\",\"isPartOf\":{\"@id\":\"https:\/\/iblazer.com\/en\/#website\"},\"datePublished\":\"2022-07-22T09:23:22+00:00\",\"dateModified\":\"2022-07-22T09:23:22+00:00\",\"breadcrumb\":{\"@id\":\"https:\/\/iblazer.com\/en\/mesafeli-satis-sozlesmesi\/#breadcrumb\"},\"inLanguage\":\"en-US\",\"potentialAction\":[{\"@type\":\"ReadAction\",\"target\":[\"https:\/\/iblazer.com\/en\/mesafeli-satis-sozlesmesi\/\"]}]},{\"@type\":\"BreadcrumbList\",\"@id\":\"https:\/\/iblazer.com\/en\/mesafeli-satis-sozlesmesi\/#breadcrumb\",\"itemListElement\":[{\"@type\":\"ListItem\",\"position\":1,\"name\":\"Home\",\"item\":\"https:\/\/iblazer.com\/en\/\"},{\"@type\":\"ListItem\",\"position\":2,\"name\":\"Mesafeli Sat\u0131\u015f S\u00f6zle\u015fmesi\"}]},{\"@type\":\"WebSite\",\"@id\":\"https:\/\/iblazer.com\/en\/#website\",\"url\":\"https:\/\/iblazer.com\/en\/\",\"name\":\"I'Blazer Fashion Boutique\",\"description\":\"The Art of Dressing: I&#039;Blazer&#039;s Vision for a Stylish and Confident Tomorrow\",\"publisher\":{\"@id\":\"https:\/\/iblazer.com\/en\/#organization\"},\"potentialAction\":[{\"@type\":\"SearchAction\",\"target\":{\"@type\":\"EntryPoint\",\"urlTemplate\":\"https:\/\/iblazer.com\/en\/?s={search_term_string}\"},\"query-input\":{\"@type\":\"PropertyValueSpecification\",\"valueRequired\":true,\"valueName\":\"search_term_string\"}}],\"inLanguage\":\"en-US\"},{\"@type\":\"Organization\",\"@id\":\"https:\/\/iblazer.com\/en\/#organization\",\"name\":\"I'Blazer Fashion Boutique\",\"url\":\"https:\/\/iblazer.com\/en\/\",\"logo\":{\"@type\":\"ImageObject\",\"inLanguage\":\"en-US\",\"@id\":\"https:\/\/iblazer.com\/en\/#\/schema\/logo\/image\/\",\"url\":\"https:\/\/iblazer.com\/wp-content\/uploads\/2023\/04\/Logo-Black-Cropped.png\",\"contentUrl\":\"https:\/\/iblazer.com\/wp-content\/uploads\/2023\/04\/Logo-Black-Cropped.png\",\"width\":851,\"height\":246,\"caption\":\"I'Blazer Fashion Boutique\"},\"image\":{\"@id\":\"https:\/\/iblazer.com\/en\/#\/schema\/logo\/image\/\"},\"sameAs\":[\"https:\/\/www.instagram.com\/iblazertr\/\"]}]}<\/script>\n<!-- \/ Yoast SEO plugin. -->","yoast_head_json":{"title":"Mesafeli Sat\u0131\u015f S\u00f6zle\u015fmesi - I&#039;Blazer Fashion Boutique","robots":{"index":"index","follow":"follow","max-snippet":"max-snippet:-1","max-image-preview":"max-image-preview:large","max-video-preview":"max-video-preview:-1"},"canonical":"https:\/\/iblazer.com\/en\/mesafeli-satis-sozlesmesi\/","og_locale":"en_US","og_type":"article","og_title":"Mesafeli Sat\u0131\u015f S\u00f6zle\u015fmesi - I&#039;Blazer Fashion Boutique","og_description":"MADDE 1:&nbsp;S\u00d6ZLE\u015eMEN\u0130N TARAFLARI SATICI: CARTHAGE GENERAL TRADING DIS TICARET LIMITED SIRKETI ADRES: \u0130n\u00f6n\u00fc, I\u00c7 KAPI, Cumhuriyet Cd. NO: 115 D:NO: 1, 34373 \u015ei\u015fli\/\u0130stanbul VERG\u0130 DA\u0130RES\u0130 VE SAYISI: Beyo\u011flu VERG\u0130 DA\u0130RES\u0130 2030601996 TELEFON: +90 (536) 4331 56 Web sitesi: iblazer.net ALICI Varsa Ad\u0131 \/ Soyad\u0131, Unvan\u0131: Adres: Telefon: E-posta: MADDE 2:&nbsp;S\u00d6ZLE\u015eMEN\u0130N KONUSU: Bu s\u00f6zle\u015fmenin konusu, taraflar\u0131n [&hellip;]","og_url":"https:\/\/iblazer.com\/en\/mesafeli-satis-sozlesmesi\/","og_site_name":"I&#039;Blazer Fashion Boutique","twitter_card":"summary_large_image","twitter_misc":{"Est. reading time":"5 minutes"},"schema":{"@context":"https:\/\/schema.org","@graph":[{"@type":"WebPage","@id":"https:\/\/iblazer.com\/en\/mesafeli-satis-sozlesmesi\/","url":"https:\/\/iblazer.com\/en\/mesafeli-satis-sozlesmesi\/","name":"Mesafeli Sat\u0131\u015f S\u00f6zle\u015fmesi - I&#039;Blazer Fashion Boutique","isPartOf":{"@id":"https:\/\/iblazer.com\/en\/#website"},"datePublished":"2022-07-22T09:23:22+00:00","dateModified":"2022-07-22T09:23:22+00:00","breadcrumb":{"@id":"https:\/\/iblazer.com\/en\/mesafeli-satis-sozlesmesi\/#breadcrumb"},"inLanguage":"en-US","potentialAction":[{"@type":"ReadAction","target":["https:\/\/iblazer.com\/en\/mesafeli-satis-sozlesmesi\/"]}]},{"@type":"BreadcrumbList","@id":"https:\/\/iblazer.com\/en\/mesafeli-satis-sozlesmesi\/#breadcrumb","itemListElement":[{"@type":"ListItem","position":1,"name":"Home","item":"https:\/\/iblazer.com\/en\/"},{"@type":"ListItem","position":2,"name":"Mesafeli Sat\u0131\u015f S\u00f6zle\u015fmesi"}]},{"@type":"WebSite","@id":"https:\/\/iblazer.com\/en\/#website","url":"https:\/\/iblazer.com\/en\/","name":"I'Blazer Fashion Boutique","description":"The Art of Dressing: I&#039;Blazer&#039;s Vision for a Stylish and Confident Tomorrow","publisher":{"@id":"https:\/\/iblazer.com\/en\/#organization"},"potentialAction":[{"@type":"SearchAction","target":{"@type":"EntryPoint","urlTemplate":"https:\/\/iblazer.com\/en\/?s={search_term_string}"},"query-input":{"@type":"PropertyValueSpecification","valueRequired":true,"valueName":"search_term_string"}}],"inLanguage":"en-US"},{"@type":"Organization","@id":"https:\/\/iblazer.com\/en\/#organization","name":"I'Blazer Fashion Boutique","url":"https:\/\/iblazer.com\/en\/","logo":{"@type":"ImageObject","inLanguage":"en-US","@id":"https:\/\/iblazer.com\/en\/#\/schema\/logo\/image\/","url":"https:\/\/iblazer.com\/wp-content\/uploads\/2023\/04\/Logo-Black-Cropped.png","contentUrl":"https:\/\/iblazer.com\/wp-content\/uploads\/2023\/04\/Logo-Black-Cropped.png","width":851,"height":246,"caption":"I'Blazer Fashion Boutique"},"image":{"@id":"https:\/\/iblazer.com\/en\/#\/schema\/logo\/image\/"},"sameAs":["https:\/\/www.instagram.com\/iblazertr\/"]}]}},"jetpack_sharing_enabled":true,"_links":{"self":[{"href":"https:\/\/iblazer.com\/en\/wp-json\/wp\/v2\/pages\/16499","targetHints":{"allow":["GET"]}}],"collection":[{"href":"https:\/\/iblazer.com\/en\/wp-json\/wp\/v2\/pages"}],"about":[{"href":"https:\/\/iblazer.com\/en\/wp-json\/wp\/v2\/types\/page"}],"author":[{"embeddable":true,"href":"https:\/\/iblazer.com\/en\/wp-json\/wp\/v2\/users\/1"}],"replies":[{"embeddable":true,"href":"https:\/\/iblazer.com\/en\/wp-json\/wp\/v2\/comments?post=16499"}],"version-history":[{"count":0,"href":"https:\/\/iblazer.com\/en\/wp-json\/wp\/v2\/pages\/16499\/revisions"}],"wp:attachment":[{"href":"https:\/\/iblazer.com\/en\/wp-json\/wp\/v2\/media?parent=16499"}],"curies":[{"name":"wp","href":"https:\/\/api.w.org\/{rel}","templated":true}]}}