{"id":14259,"date":"2021-01-18T14:54:53","date_gmt":"2021-01-18T07:54:53","guid":{"rendered":"https:\/\/iblazer.net\/?page_id=21"},"modified":"2023-04-02T21:03:18","modified_gmt":"2023-04-02T21:03:18","slug":"contact","status":"publish","type":"page","link":"https:\/\/iblazer.com\/en\/contact\/","title":{"rendered":"Contact"},"content":{"rendered":"\t\t<div data-elementor-type=\"wp-page\" data-elementor-id=\"14259\" class=\"elementor elementor-14259\" data-elementor-post-type=\"page\">\n\t\t\t\t\t\t<section class=\"elementor-section elementor-top-section elementor-element elementor-element-42a3316 elementor-section-boxed elementor-section-height-default elementor-section-height-default\" data-id=\"42a3316\" data-element_type=\"section\">\n\t\t\t\t\t\t<div class=\"elementor-container elementor-column-gap-default\">\n\t\t\t\t\t<div class=\"elementor-column elementor-col-100 elementor-top-column elementor-element elementor-element-539e1e9\" data-id=\"539e1e9\" data-element_type=\"column\">\n\t\t\t<div class=\"elementor-widget-wrap elementor-element-populated\">\n\t\t\t\t\t\t<div class=\"elementor-element elementor-element-9db3efb elementor-widget elementor-widget-heading\" data-id=\"9db3efb\" data-element_type=\"widget\" data-widget_type=\"heading.default\">\n\t\t\t\t<div class=\"elementor-widget-container\">\n\t\t\t\t\t<h2 class=\"elementor-heading-title elementor-size-default\">Looking for our local store?<\/h2>\t\t\t\t<\/div>\n\t\t\t\t<\/div>\n\t\t\t\t<div class=\"elementor-element elementor-element-3184124 elementor-widget elementor-widget-text-editor\" data-id=\"3184124\" data-element_type=\"widget\" data-widget_type=\"text-editor.default\">\n\t\t\t\t<div class=\"elementor-widget-container\">\n\t\t\t\t\t\t\t\t\t<p>Click on location below to set the road on Google Map<\/p>\t\t\t\t\t\t\t\t<\/div>\n\t\t\t\t<\/div>\n\t\t\t\t\t<\/div>\n\t\t<\/div>\n\t\t\t\t\t<\/div>\n\t\t<\/section>\n\t\t\t\t<section class=\"elementor-section elementor-top-section elementor-element elementor-element-786fde2 elementor-section-content-middle elementor-section-boxed elementor-section-height-default elementor-section-height-default\" data-id=\"786fde2\" data-element_type=\"section\">\n\t\t\t\t\t\t<div class=\"elementor-container elementor-column-gap-default\">\n\t\t\t\t\t<div class=\"elementor-column elementor-col-50 elementor-top-column elementor-element elementor-element-6da4980\" data-id=\"6da4980\" data-element_type=\"column\">\n\t\t\t<div class=\"elementor-widget-wrap elementor-element-populated\">\n\t\t\t\t\t\t<div class=\"elementor-element elementor-element-1bf1521 elementor-widget elementor-widget-heading\" data-id=\"1bf1521\" data-element_type=\"widget\" data-widget_type=\"heading.default\">\n\t\t\t\t<div class=\"elementor-widget-container\">\n\t\t\t\t\t<h3 class=\"elementor-heading-title elementor-size-default\">Headquater<\/h3>\t\t\t\t<\/div>\n\t\t\t\t<\/div>\n\t\t\t\t<div class=\"elementor-element elementor-element-2bd43cb elementor-widget elementor-widget-text-editor\" data-id=\"2bd43cb\" data-element_type=\"widget\" data-widget_type=\"text-editor.default\">\n\t\t\t\t<div class=\"elementor-widget-container\">\n\t\t\t\t\t\t\t\t\t<p>\u0130n\u00f6n\u00fc, I\u00c7 KAPI, Cumhuriyet Cd. NO: 115 D:NO: 1, 34373 \u015ei\u015fli\/\u0130stanbul<\/p>\t\t\t\t\t\t\t\t<\/div>\n\t\t\t\t<\/div>\n\t\t\t\t<div class=\"elementor-element elementor-element-2e2bc4a elementor-widget__width-auto elementor-widget-mobile__width-inherit elementor-widget elementor-widget-text-editor\" data-id=\"2e2bc4a\" data-element_type=\"widget\" data-widget_type=\"text-editor.default\">\n\t\t\t\t<div class=\"elementor-widget-container\">\n\t\t\t\t\t\t\t\t\t<p>+90 (536) 4331 561<\/p>\t\t\t\t\t\t\t\t<\/div>\n\t\t\t\t<\/div>\n\t\t\t\t<div class=\"elementor-element elementor-element-1c7867a elementor-widget__width-auto elementor-widget-mobile__width-inherit elementor-widget elementor-widget-text-editor\" data-id=\"1c7867a\" data-element_type=\"widget\" data-widget_type=\"text-editor.default\">\n\t\t\t\t<div class=\"elementor-widget-container\">\n\t\t\t\t\t\t\t\t\t<p><a href=\"mailto:info@iblazer.com\"><span style=\"text-decoration: underline;\">info@iblazer.com<\/span><\/a><\/p>\t\t\t\t\t\t\t\t<\/div>\n\t\t\t\t<\/div>\n\t\t\t\t<div class=\"elementor-element elementor-element-1c43d64 elementor-widget elementor-widget-wp-widget-ts_social_icons\" data-id=\"1c43d64\" data-element_type=\"widget\" data-widget_type=\"wp-widget-ts_social_icons.default\">\n\t\t\t\t<div class=\"elementor-widget-container\">\n\t\t\t\t\t<h3 class=\"widget-title heading-title hidden\">Social Icons<\/h3>\t\t\t<div class=\"social-icons show-tooltip style-horizontal\">\r\n\t\t\t\t\t\t\t\t<ul class=\"list-icons\">\r\n\t\t\t\t\t\t\t\t\t\t\t\t\t\t\t\t\t\t\t\t\t<li class=\"instagram\"><a href=\"https:\/\/www.instagram.com\/iblazertr\/\" target=\"_blank\" title=\"\" ><i class=\"fab fa-instagram\"><\/i><span class=\"ts-tooltip social-tooltip\">Instagram<\/span><\/a><\/li>\r\n\t\t\t\t\t\t\t\t\t\t\t\t\t\t\t\t\t\t\t\t\t\t\t\t\t\t\t\t\t\t\t\t\t\t\t\r\n\t\t\t\t\t\t\t\t\t\t\t\r\n\t\t\t\t\t\t\t\t\t<\/ul>\r\n\t\t\t<\/div>\r\n\r\n\t\t\t\t\t\t\t<\/div>\n\t\t\t\t<\/div>\n\t\t\t\t\t<\/div>\n\t\t<\/div>\n\t\t\t\t<div class=\"elementor-column elementor-col-50 elementor-top-column elementor-element elementor-element-e9b9903\" data-id=\"e9b9903\" data-element_type=\"column\">\n\t\t\t<div class=\"elementor-widget-wrap elementor-element-populated\">\n\t\t\t\t\t\t<div class=\"elementor-element elementor-element-28e50de elementor-widget elementor-widget-image\" data-id=\"28e50de\" data-element_type=\"widget\" data-widget_type=\"image.default\">\n\t\t\t\t<div class=\"elementor-widget-container\">\n\t\t\t\t\t\t\t\t\t\t\t\t\t\t\t<img fetchpriority=\"high\" decoding=\"async\" width=\"2560\" height=\"1920\" src=\"https:\/\/iblazer.com\/wp-content\/uploads\/2023\/04\/IMG_0280-scaled.jpeg\" class=\"attachment-full size-full wp-image-19999\" alt=\"Ma\u011fazam\u0131z\u0131 Ziyaret Edin\u200b\" srcset=\"https:\/\/iblazer.com\/wp-content\/uploads\/2023\/04\/IMG_0280-scaled.jpeg 2560w, https:\/\/iblazer.com\/wp-content\/uploads\/2023\/04\/IMG_0280-300x225.jpeg 300w, https:\/\/iblazer.com\/wp-content\/uploads\/2023\/04\/IMG_0280-1024x768.jpeg 1024w, https:\/\/iblazer.com\/wp-content\/uploads\/2023\/04\/IMG_0280-768x576.jpeg 768w, https:\/\/iblazer.com\/wp-content\/uploads\/2023\/04\/IMG_0280-600x450.jpeg 600w, https:\/\/iblazer.com\/wp-content\/uploads\/2023\/04\/IMG_0280-1536x1152.jpeg 1536w, https:\/\/iblazer.com\/wp-content\/uploads\/2023\/04\/IMG_0280-2048x1536.jpeg 2048w\" sizes=\"(max-width: 2560px) 100vw, 2560px\" \/>\t\t\t\t\t\t\t\t\t\t\t\t\t\t\t<\/div>\n\t\t\t\t<\/div>\n\t\t\t\t\t<\/div>\n\t\t<\/div>\n\t\t\t\t\t<\/div>\n\t\t<\/section>\n\t\t\t\t<section class=\"elementor-section elementor-top-section elementor-element elementor-element-608aa1b elementor-section-full_width elementor-section-stretched elementor-section-height-default elementor-section-height-default\" data-id=\"608aa1b\" data-element_type=\"section\" data-settings=\"{&quot;stretch_section&quot;:&quot;section-stretched&quot;}\">\n\t\t\t\t\t\t<div class=\"elementor-container elementor-column-gap-no\">\n\t\t\t\t\t<div class=\"elementor-column elementor-col-100 elementor-top-column elementor-element elementor-element-9a1bb15\" data-id=\"9a1bb15\" data-element_type=\"column\">\n\t\t\t<div class=\"elementor-widget-wrap elementor-element-populated\">\n\t\t\t\t\t\t<div class=\"elementor-element elementor-element-3aba8b8 elementor-widget elementor-widget-google_maps\" data-id=\"3aba8b8\" data-element_type=\"widget\" data-widget_type=\"google_maps.default\">\n\t\t\t\t<div class=\"elementor-widget-container\">\n\t\t\t\t\t\t\t<div class=\"elementor-custom-embed\">\n\t\t\t<iframe loading=\"lazy\"\n\t\t\t\t\tsrc=\"https:\/\/maps.google.com\/maps?q=%C4%B0n%C3%B6n%C3%BC%2C%20I%C3%87%20KAPI%2C%20Cumhuriyet%20Cd.%20NO%3A%20115%20D%3ANO%3A%201%2C%2034373%20%C5%9Ei%C5%9Fli%2F%C4%B0stanbul&#038;t=m&#038;z=13&#038;output=embed&#038;iwloc=near\"\n\t\t\t\t\ttitle=\"\u0130n\u00f6n\u00fc, I\u00c7 KAPI, Cumhuriyet Cd. NO: 115 D:NO: 1, 34373 \u015ei\u015fli\/\u0130stanbul\"\n\t\t\t\t\taria-label=\"\u0130n\u00f6n\u00fc, I\u00c7 KAPI, Cumhuriyet Cd. NO: 115 D:NO: 1, 34373 \u015ei\u015fli\/\u0130stanbul\"\n\t\t\t><\/iframe>\n\t\t<\/div>\n\t\t\t\t\t\t<\/div>\n\t\t\t\t<\/div>\n\t\t\t\t\t<\/div>\n\t\t<\/div>\n\t\t\t\t\t<\/div>\n\t\t<\/section>\n\t\t\t\t<\/div>\n\t\t","protected":false},"excerpt":{"rendered":"<p>Looking for our local store? Click on location below to set the road on Google Map Headquater \u0130n\u00f6n\u00fc, I\u00c7 KAPI, Cumhuriyet Cd. NO: 115 D:NO: 1, 34373 \u015ei\u015fli\/\u0130stanbul +90 (536) 4331 561 info@iblazer.com<\/p>\n","protected":false},"author":1,"featured_media":0,"parent":0,"menu_order":0,"comment_status":"closed","ping_status":"closed","template":"","meta":{"_acf_changed":false,"_joinchat":[],"footnotes":""},"class_list":["post-14259","page","type-page","status-publish","hentry"],"acf":[],"yoast_head":"<!-- This site is optimized with the Yoast SEO plugin v24.2 - https:\/\/yoast.com\/wordpress\/plugins\/seo\/ -->\n<title>Contact - I&#039;Blazer Fashion Boutique<\/title>\n<meta name=\"robots\" content=\"index, follow, max-snippet:-1, max-image-preview:large, max-video-preview:-1\" \/>\n<link rel=\"canonical\" href=\"https:\/\/iblazer.com\/en\/contact\/\" \/>\n<meta property=\"og:locale\" content=\"en_US\" \/>\n<meta property=\"og:type\" content=\"article\" \/>\n<meta property=\"og:title\" content=\"Contact - I&#039;Blazer Fashion Boutique\" \/>\n<meta property=\"og:description\" content=\"Looking for our local store? Click on location below to set the road on Google Map Headquater \u0130n\u00f6n\u00fc, I\u00c7 KAPI, Cumhuriyet Cd. NO: 115 D:NO: 1, 34373 \u015ei\u015fli\/\u0130stanbul +90 (536) 4331 561 info@iblazer.com\" \/>\n<meta property=\"og:url\" content=\"https:\/\/iblazer.com\/en\/contact\/\" \/>\n<meta property=\"og:site_name\" content=\"I&#039;Blazer Fashion Boutique\" \/>\n<meta property=\"article:modified_time\" content=\"2023-04-02T21:03:18+00:00\" \/>\n<meta property=\"og:image\" content=\"https:\/\/iblazer.com\/wp-content\/uploads\/2023\/04\/IMG_0280-scaled.jpeg\" \/>\n<meta name=\"twitter:card\" content=\"summary_large_image\" \/>\n<script type=\"application\/ld+json\" class=\"yoast-schema-graph\">{\"@context\":\"https:\/\/schema.org\",\"@graph\":[{\"@type\":\"WebPage\",\"@id\":\"https:\/\/iblazer.com\/en\/contact\/\",\"url\":\"https:\/\/iblazer.com\/en\/contact\/\",\"name\":\"Contact - I&#039;Blazer Fashion Boutique\",\"isPartOf\":{\"@id\":\"https:\/\/iblazer.com\/en\/#website\"},\"primaryImageOfPage\":{\"@id\":\"https:\/\/iblazer.com\/en\/contact\/#primaryimage\"},\"image\":{\"@id\":\"https:\/\/iblazer.com\/en\/contact\/#primaryimage\"},\"thumbnailUrl\":\"https:\/\/iblazer.com\/wp-content\/uploads\/2023\/04\/IMG_0280-scaled.jpeg\",\"datePublished\":\"2021-01-18T07:54:53+00:00\",\"dateModified\":\"2023-04-02T21:03:18+00:00\",\"breadcrumb\":{\"@id\":\"https:\/\/iblazer.com\/en\/contact\/#breadcrumb\"},\"inLanguage\":\"en-US\",\"potentialAction\":[{\"@type\":\"ReadAction\",\"target\":[\"https:\/\/iblazer.com\/en\/contact\/\"]}]},{\"@type\":\"ImageObject\",\"inLanguage\":\"en-US\",\"@id\":\"https:\/\/iblazer.com\/en\/contact\/#primaryimage\",\"url\":\"https:\/\/iblazer.com\/wp-content\/uploads\/2023\/04\/IMG_0280-scaled.jpeg\",\"contentUrl\":\"https:\/\/iblazer.com\/wp-content\/uploads\/2023\/04\/IMG_0280-scaled.jpeg\"},{\"@type\":\"BreadcrumbList\",\"@id\":\"https:\/\/iblazer.com\/en\/contact\/#breadcrumb\",\"itemListElement\":[{\"@type\":\"ListItem\",\"position\":1,\"name\":\"Home\",\"item\":\"https:\/\/iblazer.com\/en\/\"},{\"@type\":\"ListItem\",\"position\":2,\"name\":\"Contact\"}]},{\"@type\":\"WebSite\",\"@id\":\"https:\/\/iblazer.com\/en\/#website\",\"url\":\"https:\/\/iblazer.com\/en\/\",\"name\":\"I'Blazer Fashion Boutique\",\"description\":\"The Art of Dressing: I&#039;Blazer&#039;s Vision for a Stylish and Confident Tomorrow\",\"publisher\":{\"@id\":\"https:\/\/iblazer.com\/en\/#organization\"},\"potentialAction\":[{\"@type\":\"SearchAction\",\"target\":{\"@type\":\"EntryPoint\",\"urlTemplate\":\"https:\/\/iblazer.com\/en\/?s={search_term_string}\"},\"query-input\":{\"@type\":\"PropertyValueSpecification\",\"valueRequired\":true,\"valueName\":\"search_term_string\"}}],\"inLanguage\":\"en-US\"},{\"@type\":\"Organization\",\"@id\":\"https:\/\/iblazer.com\/en\/#organization\",\"name\":\"I'Blazer Fashion Boutique\",\"url\":\"https:\/\/iblazer.com\/en\/\",\"logo\":{\"@type\":\"ImageObject\",\"inLanguage\":\"en-US\",\"@id\":\"https:\/\/iblazer.com\/en\/#\/schema\/logo\/image\/\",\"url\":\"https:\/\/iblazer.com\/wp-content\/uploads\/2023\/04\/Logo-Black-Cropped.png\",\"contentUrl\":\"https:\/\/iblazer.com\/wp-content\/uploads\/2023\/04\/Logo-Black-Cropped.png\",\"width\":851,\"height\":246,\"caption\":\"I'Blazer Fashion Boutique\"},\"image\":{\"@id\":\"https:\/\/iblazer.com\/en\/#\/schema\/logo\/image\/\"},\"sameAs\":[\"https:\/\/www.instagram.com\/iblazertr\/\"]}]}<\/script>\n<!-- \/ Yoast SEO plugin. -->","yoast_head_json":{"title":"Contact - I&#039;Blazer Fashion Boutique","robots":{"index":"index","follow":"follow","max-snippet":"max-snippet:-1","max-image-preview":"max-image-preview:large","max-video-preview":"max-video-preview:-1"},"canonical":"https:\/\/iblazer.com\/en\/contact\/","og_locale":"en_US","og_type":"article","og_title":"Contact - I&#039;Blazer Fashion Boutique","og_description":"Looking for our local store? Click on location below to set the road on Google Map Headquater \u0130n\u00f6n\u00fc, I\u00c7 KAPI, Cumhuriyet Cd. NO: 115 D:NO: 1, 34373 \u015ei\u015fli\/\u0130stanbul +90 (536) 4331 561 info@iblazer.com","og_url":"https:\/\/iblazer.com\/en\/contact\/","og_site_name":"I&#039;Blazer Fashion Boutique","article_modified_time":"2023-04-02T21:03:18+00:00","og_image":[{"url":"https:\/\/iblazer.com\/wp-content\/uploads\/2023\/04\/IMG_0280-scaled.jpeg","type":"","width":"","height":""}],"twitter_card":"summary_large_image","schema":{"@context":"https:\/\/schema.org","@graph":[{"@type":"WebPage","@id":"https:\/\/iblazer.com\/en\/contact\/","url":"https:\/\/iblazer.com\/en\/contact\/","name":"Contact - I&#039;Blazer Fashion Boutique","isPartOf":{"@id":"https:\/\/iblazer.com\/en\/#website"},"primaryImageOfPage":{"@id":"https:\/\/iblazer.com\/en\/contact\/#primaryimage"},"image":{"@id":"https:\/\/iblazer.com\/en\/contact\/#primaryimage"},"thumbnailUrl":"https:\/\/iblazer.com\/wp-content\/uploads\/2023\/04\/IMG_0280-scaled.jpeg","datePublished":"2021-01-18T07:54:53+00:00","dateModified":"2023-04-02T21:03:18+00:00","breadcrumb":{"@id":"https:\/\/iblazer.com\/en\/contact\/#breadcrumb"},"inLanguage":"en-US","potentialAction":[{"@type":"ReadAction","target":["https:\/\/iblazer.com\/en\/contact\/"]}]},{"@type":"ImageObject","inLanguage":"en-US","@id":"https:\/\/iblazer.com\/en\/contact\/#primaryimage","url":"https:\/\/iblazer.com\/wp-content\/uploads\/2023\/04\/IMG_0280-scaled.jpeg","contentUrl":"https:\/\/iblazer.com\/wp-content\/uploads\/2023\/04\/IMG_0280-scaled.jpeg"},{"@type":"BreadcrumbList","@id":"https:\/\/iblazer.com\/en\/contact\/#breadcrumb","itemListElement":[{"@type":"ListItem","position":1,"name":"Home","item":"https:\/\/iblazer.com\/en\/"},{"@type":"ListItem","position":2,"name":"Contact"}]},{"@type":"WebSite","@id":"https:\/\/iblazer.com\/en\/#website","url":"https:\/\/iblazer.com\/en\/","name":"I'Blazer Fashion Boutique","description":"The Art of Dressing: I&#039;Blazer&#039;s Vision for a Stylish and Confident Tomorrow","publisher":{"@id":"https:\/\/iblazer.com\/en\/#organization"},"potentialAction":[{"@type":"SearchAction","target":{"@type":"EntryPoint","urlTemplate":"https:\/\/iblazer.com\/en\/?s={search_term_string}"},"query-input":{"@type":"PropertyValueSpecification","valueRequired":true,"valueName":"search_term_string"}}],"inLanguage":"en-US"},{"@type":"Organization","@id":"https:\/\/iblazer.com\/en\/#organization","name":"I'Blazer Fashion Boutique","url":"https:\/\/iblazer.com\/en\/","logo":{"@type":"ImageObject","inLanguage":"en-US","@id":"https:\/\/iblazer.com\/en\/#\/schema\/logo\/image\/","url":"https:\/\/iblazer.com\/wp-content\/uploads\/2023\/04\/Logo-Black-Cropped.png","contentUrl":"https:\/\/iblazer.com\/wp-content\/uploads\/2023\/04\/Logo-Black-Cropped.png","width":851,"height":246,"caption":"I'Blazer Fashion Boutique"},"image":{"@id":"https:\/\/iblazer.com\/en\/#\/schema\/logo\/image\/"},"sameAs":["https:\/\/www.instagram.com\/iblazertr\/"]}]}},"jetpack_sharing_enabled":true,"_links":{"self":[{"href":"https:\/\/iblazer.com\/en\/wp-json\/wp\/v2\/pages\/14259","targetHints":{"allow":["GET"]}}],"collection":[{"href":"https:\/\/iblazer.com\/en\/wp-json\/wp\/v2\/pages"}],"about":[{"href":"https:\/\/iblazer.com\/en\/wp-json\/wp\/v2\/types\/page"}],"author":[{"embeddable":true,"href":"https:\/\/iblazer.com\/en\/wp-json\/wp\/v2\/users\/1"}],"replies":[{"embeddable":true,"href":"https:\/\/iblazer.com\/en\/wp-json\/wp\/v2\/comments?post=14259"}],"version-history":[{"count":0,"href":"https:\/\/iblazer.com\/en\/wp-json\/wp\/v2\/pages\/14259\/revisions"}],"wp:attachment":[{"href":"https:\/\/iblazer.com\/en\/wp-json\/wp\/v2\/media?parent=14259"}],"curies":[{"name":"wp","href":"https:\/\/api.w.org\/{rel}","templated":true}]}}